{"id":2170,"date":"2022-04-22T17:00:34","date_gmt":"2022-04-22T15:00:34","guid":{"rendered":"https:\/\/www.trimmtools.it\/product\/zec-disc-o127-for-manual-grinders\/"},"modified":"2023-07-17T10:51:40","modified_gmt":"2023-07-17T08:51:40","slug":"zec-disc-o127-for-angle-grinders","status":"publish","type":"product","link":"https:\/\/www.trimmtools.it\/en\/product\/zec-disc-o127-for-angle-grinders\/","title":{"rendered":"ZEC Disc \u00d8127 for angle grinders"},"content":{"rendered":"","protected":false},"excerpt":{"rendered":"<p>ZEC Disc \u00d8127 for angle grinders of silicon carbide (PC) and in aluminium oxide (PA).<\/p>\n<p>ZEC Discs of silicon carbide for sanding and cleaning concrete and removing cement milks.<br \/>\nZEC Discs of aluminum oxide for rust removal from iron surfaces.<\/p>\n<p>Until stocks run out.<\/p>\n<p><strong>MODELS<\/strong><\/p>\n<p style=\"text-align: left;\">ZEC Disc of silicon carbide (PC), grit 16, \u00d8127<strong> &#8211; 74601205<br \/>\n<\/strong>ZEC Disc of silicon carbide (PC), grit 24, \u00d8127 <strong>&#8211; 74601206<br \/>\n<\/strong>ZEC Disc of silicon carbide (PC), grit 36, \u00d8127<strong> &#8211; 74601207<br \/>\n<\/strong>ZEC Disc of aluminium oxide (PA), grit 16, \u00d8127<strong> &#8211; 74601215<br \/>\n<\/strong>ZEC Disc of aluminium oxide (PA), grit 36, \u00d8127<strong> &#8211; 74601216<br \/>\n<\/strong><\/p>\n","protected":false},"featured_media":1822,"template":"","meta":[],"product_brand":[],"product_cat":[116],"product_tag":[],"class_list":{"0":"post-2170","1":"product","2":"type-product","3":"status-publish","4":"has-post-thumbnail","6":"product_cat-offers","8":"first","9":"instock","10":"shipping-taxable","11":"product-type-simple"},"yoast_head":"<!-- This site is optimized with the Yoast SEO plugin v26.9 - https:\/\/yoast.com\/product\/yoast-seo-wordpress\/ -->\n<title>ZEC Disc \u00d8127 for angle grinders - Trimmtools<\/title>\n<meta name=\"robots\" content=\"index, follow, max-snippet:-1, max-image-preview:large, max-video-preview:-1\" \/>\n<link rel=\"canonical\" href=\"https:\/\/www.trimmtools.it\/en\/product\/zec-disc-o127-for-angle-grinders\/\" \/>\n<meta property=\"og:locale\" content=\"en_US\" \/>\n<meta property=\"og:type\" content=\"article\" \/>\n<meta property=\"og:title\" content=\"ZEC Disc \u00d8127 for angle grinders - Trimmtools\" \/>\n<meta property=\"og:description\" content=\"ZEC Disc \u00d8127 for angle grinders of silicon carbide (PC) and in aluminium oxide (PA).  ZEC Discs of silicon carbide for sanding and cleaning concrete and removing cement milks. ZEC Discs of aluminum oxide for rust removal from iron surfaces.  Until stocks run out.  MODELS ZEC Disc of silicon carbide (PC), grit 16, \u00d8127 - 74601205 ZEC Disc of silicon carbide (PC), grit 24, \u00d8127 - 74601206 ZEC Disc of silicon carbide (PC), grit 36, \u00d8127 - 74601207 ZEC Disc of aluminium oxide (PA), grit 16, \u00d8127 - 74601215 ZEC Disc of aluminium oxide (PA), grit 36, \u00d8127 - 74601216\" \/>\n<meta property=\"og:url\" content=\"https:\/\/www.trimmtools.it\/en\/product\/zec-disc-o127-for-angle-grinders\/\" \/>\n<meta property=\"og:site_name\" content=\"Trimmtools\" \/>\n<meta property=\"article:publisher\" content=\"https:\/\/www.facebook.com\/trimmersrl\" \/>\n<meta property=\"article:modified_time\" content=\"2023-07-17T08:51:40+00:00\" \/>\n<meta property=\"og:image\" content=\"https:\/\/www.trimmtools.it\/wp-content\/uploads\/2022\/04\/disco-ZEC-127-1.jpg\" \/>\n\t<meta property=\"og:image:width\" content=\"1200\" \/>\n\t<meta property=\"og:image:height\" content=\"816\" \/>\n\t<meta property=\"og:image:type\" content=\"image\/jpeg\" \/>\n<meta name=\"twitter:card\" content=\"summary_large_image\" \/>\n<script type=\"application\/ld+json\" class=\"yoast-schema-graph\">{\"@context\":\"https:\/\/schema.org\",\"@graph\":[{\"@type\":\"WebPage\",\"@id\":\"https:\/\/www.trimmtools.it\/en\/product\/zec-disc-o127-for-angle-grinders\/\",\"url\":\"https:\/\/www.trimmtools.it\/en\/product\/zec-disc-o127-for-angle-grinders\/\",\"name\":\"ZEC Disc \u00d8127 for angle grinders - Trimmtools\",\"isPartOf\":{\"@id\":\"https:\/\/www.trimmtools.it\/#website\"},\"primaryImageOfPage\":{\"@id\":\"https:\/\/www.trimmtools.it\/en\/product\/zec-disc-o127-for-angle-grinders\/#primaryimage\"},\"image\":{\"@id\":\"https:\/\/www.trimmtools.it\/en\/product\/zec-disc-o127-for-angle-grinders\/#primaryimage\"},\"thumbnailUrl\":\"https:\/\/www.trimmtools.it\/wp-content\/uploads\/2022\/04\/disco-ZEC-127-1.jpg\",\"datePublished\":\"2022-04-22T15:00:34+00:00\",\"dateModified\":\"2023-07-17T08:51:40+00:00\",\"breadcrumb\":{\"@id\":\"https:\/\/www.trimmtools.it\/en\/product\/zec-disc-o127-for-angle-grinders\/#breadcrumb\"},\"inLanguage\":\"en-US\",\"potentialAction\":[{\"@type\":\"ReadAction\",\"target\":[\"https:\/\/www.trimmtools.it\/en\/product\/zec-disc-o127-for-angle-grinders\/\"]}]},{\"@type\":\"ImageObject\",\"inLanguage\":\"en-US\",\"@id\":\"https:\/\/www.trimmtools.it\/en\/product\/zec-disc-o127-for-angle-grinders\/#primaryimage\",\"url\":\"https:\/\/www.trimmtools.it\/wp-content\/uploads\/2022\/04\/disco-ZEC-127-1.jpg\",\"contentUrl\":\"https:\/\/www.trimmtools.it\/wp-content\/uploads\/2022\/04\/disco-ZEC-127-1.jpg\",\"width\":1200,\"height\":816},{\"@type\":\"BreadcrumbList\",\"@id\":\"https:\/\/www.trimmtools.it\/en\/product\/zec-disc-o127-for-angle-grinders\/#breadcrumb\",\"itemListElement\":[{\"@type\":\"ListItem\",\"position\":1,\"name\":\"Home\",\"item\":\"https:\/\/www.trimmtools.it\/en\/\"},{\"@type\":\"ListItem\",\"position\":2,\"name\":\"Prodotti\",\"item\":\"https:\/\/www.trimmtools.it\/shop\/\"},{\"@type\":\"ListItem\",\"position\":3,\"name\":\"ZEC Disc \u00d8127 for angle grinders\"}]},{\"@type\":\"WebSite\",\"@id\":\"https:\/\/www.trimmtools.it\/#website\",\"url\":\"https:\/\/www.trimmtools.it\/\",\"name\":\"Trimmtools\",\"description\":\"Attrezzi, Utensili e Ricambi per Professionisti della Pavimentazione\",\"publisher\":{\"@id\":\"https:\/\/www.trimmtools.it\/#organization\"},\"potentialAction\":[{\"@type\":\"SearchAction\",\"target\":{\"@type\":\"EntryPoint\",\"urlTemplate\":\"https:\/\/www.trimmtools.it\/?s={search_term_string}\"},\"query-input\":{\"@type\":\"PropertyValueSpecification\",\"valueRequired\":true,\"valueName\":\"search_term_string\"}}],\"inLanguage\":\"en-US\"},{\"@type\":\"Organization\",\"@id\":\"https:\/\/www.trimmtools.it\/#organization\",\"name\":\"Trimmtools\",\"url\":\"https:\/\/www.trimmtools.it\/\",\"logo\":{\"@type\":\"ImageObject\",\"inLanguage\":\"en-US\",\"@id\":\"https:\/\/www.trimmtools.it\/#\/schema\/logo\/image\/\",\"url\":\"https:\/\/www.trimmtools.it\/wp-content\/uploads\/2022\/03\/logo-trimmtools.png\",\"contentUrl\":\"https:\/\/www.trimmtools.it\/wp-content\/uploads\/2022\/03\/logo-trimmtools.png\",\"width\":245,\"height\":90,\"caption\":\"Trimmtools\"},\"image\":{\"@id\":\"https:\/\/www.trimmtools.it\/#\/schema\/logo\/image\/\"},\"sameAs\":[\"https:\/\/www.facebook.com\/trimmersrl\",\"https:\/\/www.instagram.com\/trimmersrl\/\",\"https:\/\/www.linkedin.com\/company\/trimmer\/\",\"https:\/\/www.youtube.com\/channel\/UC9GBDMWPatkmAw7LQ8CP4Cw\"]}]}<\/script>\n<!-- \/ Yoast SEO plugin. -->","yoast_head_json":{"title":"ZEC Disc \u00d8127 for angle grinders - Trimmtools","robots":{"index":"index","follow":"follow","max-snippet":"max-snippet:-1","max-image-preview":"max-image-preview:large","max-video-preview":"max-video-preview:-1"},"canonical":"https:\/\/www.trimmtools.it\/en\/product\/zec-disc-o127-for-angle-grinders\/","og_locale":"en_US","og_type":"article","og_title":"ZEC Disc \u00d8127 for angle grinders - Trimmtools","og_description":"ZEC Disc \u00d8127 for angle grinders of silicon carbide (PC) and in aluminium oxide (PA).  ZEC Discs of silicon carbide for sanding and cleaning concrete and removing cement milks. ZEC Discs of aluminum oxide for rust removal from iron surfaces.  Until stocks run out.  MODELS ZEC Disc of silicon carbide (PC), grit 16, \u00d8127 - 74601205 ZEC Disc of silicon carbide (PC), grit 24, \u00d8127 - 74601206 ZEC Disc of silicon carbide (PC), grit 36, \u00d8127 - 74601207 ZEC Disc of aluminium oxide (PA), grit 16, \u00d8127 - 74601215 ZEC Disc of aluminium oxide (PA), grit 36, \u00d8127 - 74601216","og_url":"https:\/\/www.trimmtools.it\/en\/product\/zec-disc-o127-for-angle-grinders\/","og_site_name":"Trimmtools","article_publisher":"https:\/\/www.facebook.com\/trimmersrl","article_modified_time":"2023-07-17T08:51:40+00:00","og_image":[{"width":1200,"height":816,"url":"https:\/\/www.trimmtools.it\/wp-content\/uploads\/2022\/04\/disco-ZEC-127-1.jpg","type":"image\/jpeg"}],"twitter_card":"summary_large_image","schema":{"@context":"https:\/\/schema.org","@graph":[{"@type":"WebPage","@id":"https:\/\/www.trimmtools.it\/en\/product\/zec-disc-o127-for-angle-grinders\/","url":"https:\/\/www.trimmtools.it\/en\/product\/zec-disc-o127-for-angle-grinders\/","name":"ZEC Disc \u00d8127 for angle grinders - Trimmtools","isPartOf":{"@id":"https:\/\/www.trimmtools.it\/#website"},"primaryImageOfPage":{"@id":"https:\/\/www.trimmtools.it\/en\/product\/zec-disc-o127-for-angle-grinders\/#primaryimage"},"image":{"@id":"https:\/\/www.trimmtools.it\/en\/product\/zec-disc-o127-for-angle-grinders\/#primaryimage"},"thumbnailUrl":"https:\/\/www.trimmtools.it\/wp-content\/uploads\/2022\/04\/disco-ZEC-127-1.jpg","datePublished":"2022-04-22T15:00:34+00:00","dateModified":"2023-07-17T08:51:40+00:00","breadcrumb":{"@id":"https:\/\/www.trimmtools.it\/en\/product\/zec-disc-o127-for-angle-grinders\/#breadcrumb"},"inLanguage":"en-US","potentialAction":[{"@type":"ReadAction","target":["https:\/\/www.trimmtools.it\/en\/product\/zec-disc-o127-for-angle-grinders\/"]}]},{"@type":"ImageObject","inLanguage":"en-US","@id":"https:\/\/www.trimmtools.it\/en\/product\/zec-disc-o127-for-angle-grinders\/#primaryimage","url":"https:\/\/www.trimmtools.it\/wp-content\/uploads\/2022\/04\/disco-ZEC-127-1.jpg","contentUrl":"https:\/\/www.trimmtools.it\/wp-content\/uploads\/2022\/04\/disco-ZEC-127-1.jpg","width":1200,"height":816},{"@type":"BreadcrumbList","@id":"https:\/\/www.trimmtools.it\/en\/product\/zec-disc-o127-for-angle-grinders\/#breadcrumb","itemListElement":[{"@type":"ListItem","position":1,"name":"Home","item":"https:\/\/www.trimmtools.it\/en\/"},{"@type":"ListItem","position":2,"name":"Prodotti","item":"https:\/\/www.trimmtools.it\/shop\/"},{"@type":"ListItem","position":3,"name":"ZEC Disc \u00d8127 for angle grinders"}]},{"@type":"WebSite","@id":"https:\/\/www.trimmtools.it\/#website","url":"https:\/\/www.trimmtools.it\/","name":"Trimmtools","description":"Attrezzi, Utensili e Ricambi per Professionisti della Pavimentazione","publisher":{"@id":"https:\/\/www.trimmtools.it\/#organization"},"potentialAction":[{"@type":"SearchAction","target":{"@type":"EntryPoint","urlTemplate":"https:\/\/www.trimmtools.it\/?s={search_term_string}"},"query-input":{"@type":"PropertyValueSpecification","valueRequired":true,"valueName":"search_term_string"}}],"inLanguage":"en-US"},{"@type":"Organization","@id":"https:\/\/www.trimmtools.it\/#organization","name":"Trimmtools","url":"https:\/\/www.trimmtools.it\/","logo":{"@type":"ImageObject","inLanguage":"en-US","@id":"https:\/\/www.trimmtools.it\/#\/schema\/logo\/image\/","url":"https:\/\/www.trimmtools.it\/wp-content\/uploads\/2022\/03\/logo-trimmtools.png","contentUrl":"https:\/\/www.trimmtools.it\/wp-content\/uploads\/2022\/03\/logo-trimmtools.png","width":245,"height":90,"caption":"Trimmtools"},"image":{"@id":"https:\/\/www.trimmtools.it\/#\/schema\/logo\/image\/"},"sameAs":["https:\/\/www.facebook.com\/trimmersrl","https:\/\/www.instagram.com\/trimmersrl\/","https:\/\/www.linkedin.com\/company\/trimmer\/","https:\/\/www.youtube.com\/channel\/UC9GBDMWPatkmAw7LQ8CP4Cw"]}]}},"_links":{"self":[{"href":"https:\/\/www.trimmtools.it\/en\/wp-json\/wp\/v2\/product\/2170","targetHints":{"allow":["GET"]}}],"collection":[{"href":"https:\/\/www.trimmtools.it\/en\/wp-json\/wp\/v2\/product"}],"about":[{"href":"https:\/\/www.trimmtools.it\/en\/wp-json\/wp\/v2\/types\/product"}],"wp:featuredmedia":[{"embeddable":true,"href":"https:\/\/www.trimmtools.it\/en\/wp-json\/wp\/v2\/media\/1822"}],"wp:attachment":[{"href":"https:\/\/www.trimmtools.it\/en\/wp-json\/wp\/v2\/media?parent=2170"}],"wp:term":[{"taxonomy":"product_brand","embeddable":true,"href":"https:\/\/www.trimmtools.it\/en\/wp-json\/wp\/v2\/product_brand?post=2170"},{"taxonomy":"product_cat","embeddable":true,"href":"https:\/\/www.trimmtools.it\/en\/wp-json\/wp\/v2\/product_cat?post=2170"},{"taxonomy":"product_tag","embeddable":true,"href":"https:\/\/www.trimmtools.it\/en\/wp-json\/wp\/v2\/product_tag?post=2170"}],"curies":[{"name":"wp","href":"https:\/\/api.w.org\/{rel}","templated":true}]}}